{"id":111,"date":"2019-10-29T11:00:36","date_gmt":"2019-10-29T17:00:36","guid":{"rendered":"https:\/\/blog.zoombers.com\/?page_id=111"},"modified":"2019-10-29T11:00:36","modified_gmt":"2019-10-29T17:00:36","slug":"publica","status":"publish","type":"page","link":"https:\/\/blog.zoombers.com\/?page_id=111","title":{"rendered":"Publica"},"content":{"rendered":"\n<h3 class=\"wp-block-heading\">Si eres una persona con ideas innovadoras acerca de c\u00f3mo mejorar la Educaci\u00f3n, te invitamos a escribir en este Blog. <\/h3>\n\n\n\n<p>Env\u00eda tu art\u00edculo con tus datos y nuestro departamento editorial lo evaluar\u00e1 para ser publicado aqu\u00ed.<\/p>\n\n\n\n<p>Esperamos tus aportes en: <strong><a href=\"contacto@zoombers.com\">contacto@zoombers.com<\/a><\/strong><\/p>\n\n\n\n<div class=\"wp-block-image\"><figure class=\"aligncenter\"><img loading=\"lazy\" decoding=\"async\" width=\"379\" height=\"374\" src=\"https:\/\/blog.zoombers.com\/wp-content\/uploads\/2019\/10\/Comunicacio\u0301n-con-Escuelas.jpg\" alt=\"\" class=\"wp-image-80\" srcset=\"https:\/\/blog.zoombers.com\/wp-content\/uploads\/2019\/10\/Comunicacio\u0301n-con-Escuelas.jpg 379w, https:\/\/blog.zoombers.com\/wp-content\/uploads\/2019\/10\/Comunicacio\u0301n-con-Escuelas-300x296.jpg 300w, https:\/\/blog.zoombers.com\/wp-content\/uploads\/2019\/10\/Comunicacio\u0301n-con-Escuelas-60x60.jpg 60w\" sizes=\"auto, (max-width: 379px) 100vw, 379px\" \/><\/figure><\/div>\n<!-- AddThis Advanced Settings generic via filter on the_content -->","protected":false},"excerpt":{"rendered":"<p>Si eres una persona con ideas innovadoras acerca de c\u00f3mo mejorar la Educaci\u00f3n, te invitamos a escribir en este Blog. Env\u00eda tu art\u00edculo con tus datos y nuestro departamento editorial lo evaluar\u00e1 para ser publicado aqu\u00ed. Esperamos tus aportes en: contacto@zoombers.com<!-- AddThis Advanced Settings generic via filter on get_the_excerpt --><\/p>\n","protected":false},"author":5,"featured_media":0,"parent":0,"menu_order":0,"comment_status":"closed","ping_status":"closed","template":"","meta":{"content-type":"","footnotes":""},"class_list":["post-111","page","type-page","status-publish","hentry"],"_links":{"self":[{"href":"https:\/\/blog.zoombers.com\/index.php?rest_route=\/wp\/v2\/pages\/111","targetHints":{"allow":["GET"]}}],"collection":[{"href":"https:\/\/blog.zoombers.com\/index.php?rest_route=\/wp\/v2\/pages"}],"about":[{"href":"https:\/\/blog.zoombers.com\/index.php?rest_route=\/wp\/v2\/types\/page"}],"author":[{"embeddable":true,"href":"https:\/\/blog.zoombers.com\/index.php?rest_route=\/wp\/v2\/users\/5"}],"replies":[{"embeddable":true,"href":"https:\/\/blog.zoombers.com\/index.php?rest_route=%2Fwp%2Fv2%2Fcomments&post=111"}],"version-history":[{"count":1,"href":"https:\/\/blog.zoombers.com\/index.php?rest_route=\/wp\/v2\/pages\/111\/revisions"}],"predecessor-version":[{"id":113,"href":"https:\/\/blog.zoombers.com\/index.php?rest_route=\/wp\/v2\/pages\/111\/revisions\/113"}],"wp:attachment":[{"href":"https:\/\/blog.zoombers.com\/index.php?rest_route=%2Fwp%2Fv2%2Fmedia&parent=111"}],"curies":[{"name":"wp","href":"https:\/\/api.w.org\/{rel}","templated":true}]}}